{"id":36,"date":"2025-01-08T18:26:42","date_gmt":"2025-01-08T17:26:42","guid":{"rendered":"https:\/\/changeconsulting.io\/?page_id=36"},"modified":"2025-01-08T18:26:44","modified_gmt":"2025-01-08T17:26:44","slug":"contact","status":"publish","type":"page","link":"https:\/\/changeconsulting.io\/de\/contact\/","title":{"rendered":"Kontakt"},"content":{"rendered":"<div class=\"wp-block-uagb-container uagb-block-83619173 alignfull uagb-is-root-container\"><div class=\"uagb-container-inner-blocks-wrap\">\n<div class=\"wp-block-uagb-info-box uagb-block-62021f15 uagb-infobox__content-wrap  uagb-infobox-icon-above-title uagb-infobox-image-valign-top\"><div class=\"uagb-ifb-content\"><div class=\"uagb-ifb-title-wrap\"><span class=\"uagb-ifb-title-prefix\">Kontakt<\/span><h1 class=\"uagb-ifb-title\">Kontaktieren Sie uns<\/h1><\/div><\/div><\/div>\n<\/div><\/div>\n\n\n\n<div class=\"wp-block-uagb-container uagb-block-c97fe07f alignfull uagb-is-root-container\"><div class=\"uagb-container-inner-blocks-wrap\">\n<div class=\"wp-block-uagb-container uagb-block-740edd2b\">\n<div class=\"wp-block-uagb-advanced-heading uagb-block-7d46a970\"><h2 class=\"uagb-heading-text\">Nehmen Sie noch heute Kontakt mit Change Consulting auf<\/h2><p class=\"uagb-desc-text\">F\u00fcr alle Anfragen und zur Terminvereinbarung f\u00fcr eine Beratung kontaktieren Sie uns bitte \u00fcber die unten angegebenen Kontaktdaten oder senden Sie uns eine Nachricht \u00fcber das Kontaktformular auf der rechten Seite.   <br><br>Wir freuen uns, Ihnen die ersten 2 Stunden unserer Beratung absolut kostenlos anzubieten. Nutzen Sie diese Gelegenheit, um Ihre Bed\u00fcrfnisse zu besprechen und herauszufinden, wie unser Fachwissen Ihnen zugutekommen kann. Wir sch\u00e4tzen Ihre Zeit und werden Ihre Nachricht umgehend beantworten. Vielen Dank, dass Sie unsere Dienstleistungen in Betracht ziehen \u2013 wir freuen uns darauf, bald von Ihnen zu h\u00f6ren und mit Ihnen zusammenzuarbeiten.<\/p><\/div>\n\n\n\n<div class=\"wp-block-uagb-icon-list uagb-block-baa2983d\"><div class=\"uagb-icon-list__wrap\">\n<div class=\"wp-block-uagb-icon-list-child uagb-block-674170a0\"><span class=\"uagb-icon-list__label\"><strong>Kontaktdaten<\/strong><\/span><\/div>\n\n\n\n<div class=\"wp-block-uagb-icon-list-child uagb-block-b57d459c uagb-block-891debea\"><span class=\"uagb-icon-list__source-wrap\"><svg xmlns=\"https:\/\/www.w3.org\/2000\/svg\" viewbox=\"0 0 512 512\"><path d=\"M511.2 387l-23.25 100.8c-3.266 14.25-15.79 24.22-30.46 24.22C205.2 512 0 306.8 0 54.5c0-14.66 9.969-27.2 24.22-30.45l100.8-23.25C139.7-2.602 154.7 5.018 160.8 18.92l46.52 108.5c5.438 12.78 1.77 27.67-8.98 36.45L144.5 207.1c33.98 69.22 90.26 125.5 159.5 159.5l44.08-53.8c8.688-10.78 23.69-14.51 36.47-8.975l108.5 46.51C506.1 357.2 514.6 372.4 511.2 387z\"><\/path><\/svg><\/span><span class=\"uagb-icon-list__label\">+49 151 169 729 75<\/span><\/div>\n\n\n\n<div class=\"wp-block-uagb-icon-list-child uagb-block-348537d5 uagb-block-ceac28d5 uagb-block-944700d6 uagb-block-716c9289\"><span class=\"uagb-icon-list__source-wrap\"><svg xmlns=\"https:\/\/www.w3.org\/2000\/svg\" viewbox=\"0 0 512 512\"><path d=\"M464 64C490.5 64 512 85.49 512 112C512 127.1 504.9 141.3 492.8 150.4L275.2 313.6C263.8 322.1 248.2 322.1 236.8 313.6L19.2 150.4C7.113 141.3 0 127.1 0 112C0 85.49 21.49 64 48 64H464zM217.6 339.2C240.4 356.3 271.6 356.3 294.4 339.2L512 176V384C512 419.3 483.3 448 448 448H64C28.65 448 0 419.3 0 384V176L217.6 339.2z\"><\/path><\/svg><\/span><span class=\"uagb-icon-list__label\">info@changeconsulting.io<\/span><\/div>\n<\/div><\/div>\n\n\n\n<div class=\"wp-block-uagb-advanced-heading uagb-block-f320821e\"><h3 class=\"uagb-heading-text\">Follow Me:<\/h3><\/div>\n\n\n\n<ul class=\"wp-block-social-links has-huge-icon-size has-icon-color is-style-logos-only is-nowrap is-layout-flex wp-container-core-social-links-is-layout-ecba6b92 wp-block-social-links-is-layout-flex\" style=\"margin-top:0;margin-bottom:0\"><li style=\"color:var(--ast-global-color-1);\" class=\"wp-social-link wp-social-link-linkedin has-ast-global-color-1-color wp-block-social-link\"><a rel=\"noopener noreferrer nofollow\" target=\"_blank\" href=\"https:\/\/de.linkedin.com\/in\/dr-christian-doisl\" class=\"wp-block-social-link-anchor\"><svg width=\"24\" height=\"24\" viewbox=\"0 0 24 24\" version=\"1.1\" xmlns=\"http:\/\/www.w3.org\/2000\/svg\" aria-hidden=\"true\" focusable=\"false\"><path d=\"M19.7,3H4.3C3.582,3,3,3.582,3,4.3v15.4C3,20.418,3.582,21,4.3,21h15.4c0.718,0,1.3-0.582,1.3-1.3V4.3 C21,3.582,20.418,3,19.7,3z M8.339,18.338H5.667v-8.59h2.672V18.338z M7.004,8.574c-0.857,0-1.549-0.694-1.549-1.548 c0-0.855,0.691-1.548,1.549-1.548c0.854,0,1.547,0.694,1.547,1.548C8.551,7.881,7.858,8.574,7.004,8.574z M18.339,18.338h-2.669 v-4.177c0-0.996-0.017-2.278-1.387-2.278c-1.389,0-1.601,1.086-1.601,2.206v4.249h-2.667v-8.59h2.559v1.174h0.037 c0.356-0.675,1.227-1.387,2.526-1.387c2.703,0,3.203,1.779,3.203,4.092V18.338z\"><\/path><\/svg><span class=\"wp-block-social-link-label screen-reader-text\">LinkedIn<\/span><\/a><\/li><\/ul>\n<\/div>\n\n\n\n<div class=\"wp-block-uagb-container uagb-block-2c06996f\">\n<div class=\"wp-block-uagb-info-box uagb-block-7f48d91c uagb-infobox__content-wrap  uagb-infobox-icon-above-title uagb-infobox-image-valign-top\"><div class=\"uagb-ifb-content\"><div class=\"uagb-ifb-title-wrap\"><span class=\"uagb-ifb-title-prefix\">Was k\u00f6nnen wir f\u00fcr Sie tun?<\/span><h3 class=\"uagb-ifb-title\">Kontaktieren Sie uns f\u00fcr individuelle Fragen und ma\u00dfgeschneiderte L\u00f6sungen<\/h3><\/div><\/div><\/div>\n\n\n\n<div class=\"wp-block-uagb-forms uagb-forms__outer-wrap uagb-block-fc151ae7 uagb-forms__medium-btn uagb-block-3b05e995 uagb-forms__default-btn\"><form class=\"uagb-forms-main-form\" method=\"post\" autocomplete=\"on\" name=\"uagb-form-fc151ae7\" action=\"\">\n<div class=\"wp-block-uagb-forms-name uagb-forms-name-wrap uagb-forms-field-set uagb-block-64a9edac\"><div class=\"uagb-forms-name-label required uagb-forms-input-label\" id=\"64a9edac\">Name<\/div><input type=\"text\" placeholder=\"Ihr Name\" required class=\"uagb-forms-name-input uagb-forms-input\" name=\"64a9edac\" autocomplete=\"name\"\/><\/div>\n\n\n\n<div class=\"wp-block-uagb-forms-email uagb-forms-email-wrap uagb-forms-field-set uagb-block-e8a8bb27\"><div class=\"uagb-forms-email-label required uagb-forms-input-label\" id=\"e8a8bb27\">Email<\/div><input type=\"email\" class=\"uagb-forms-email-input uagb-forms-input\" placeholder=\"Ihre Email\" required name=\"e8a8bb27\" autocomplete=\"email\"\/><\/div>\n\n\n\n<div class=\"wp-block-uagb-forms-textarea uagb-forms-textarea-wrap uagb-forms-field-set uagb-block-9613be51\"><div class=\"uagb-forms-textarea-label required uagb-forms-input-label\" id=\"9613be51\">Nachricht<\/div><textarea required class=\"uagb-forms-textarea-input uagb-forms-input\" rows=\"4\" placeholder=\"Ihre Nachricht\" name=\"9613be51\" autocomplete=\"off\"><\/textarea><\/div>\n<div class=\"uagb-forms-form-hidden-data\"><input type=\"hidden\" id=\"g-recaptcha-response\" class=\"uagb-forms-recaptcha\"\/><input type=\"hidden\" class=\"uagb_forms_form_label\" value=\"Spectra Form\"\/><input type=\"hidden\" class=\"uagb_forms_form_id\" value=\"uagb-form-fc151ae7\"\/><\/div><div class=\"uagb-form-reacaptcha-error-fc151ae7\"><\/div><div class=\"uagb-forms-main-submit-button-wrap wp-block-button\"><button class=\"uagb-forms-main-submit-button wp-block-button__link\"><div class=\"uagb-forms-main-submit-button-text\">Absenden<\/div><\/button><\/div><input type=\"hidden\" name=\"trp-form-language\" value=\"de\"\/><\/form><div class=\"uagb-forms-success-message-fc151ae7 uagb-forms-submit-message-hide\"><span>Das Formular wurde erfolgreich \u00fcbertragen!<\/span><\/div><div class=\"uagb-forms-failed-message-fc151ae7 uagb-forms-submit-message-hide\"><span>Beim \u00dcbermitteln des Formulars ist ein Fehler aufgetreten. Bitte \u00fcberpr\u00fcfen Sie alle Formularfelder erneut.<\/span><\/div><\/div>\n<\/div>\n<\/div><\/div>\n\n\n\n<div class=\"wp-block-uagb-container uagb-block-0d6e6fa5 alignfull uagb-is-root-container\"><div class=\"uagb-container-inner-blocks-wrap\">\n<div class=\"wp-block-uagb-info-box uagb-block-a3aa2356 uagb-infobox__content-wrap  uagb-infobox-icon-above-title uagb-infobox-image-valign-top wp-block-uagb-info-box--has-margin\"><div class=\"uagb-infobox-margin-wrapper\"><div class=\"uagb-ifb-content\"><div class=\"uagb-ifb-title-wrap\"><span class=\"uagb-ifb-title-prefix\">Machen Sie den n\u00e4chsten Schritt<\/span><h2 class=\"uagb-ifb-title\">Kontaktieren Sie Uns F\u00fcr Ihre Spezifische Aufgabenstellung<\/h2><\/div><div class=\"uagb-ifb-button-wrapper wp-block-button\"><a href=\"\/de\/contact\/\" class=\"uagb-infobox-cta-link wp-block-button__link\" target=\"_self\" rel=\"noopener noreferrer\" onclick=\"return true;\"><span class=\"uagb-inline-editing\">Loslegen<\/span><\/a><\/div><\/div><\/div><\/div>\n<\/div><\/div>\n\n\n\n<p><\/p>","protected":false},"excerpt":{"rendered":"<p>Connect with Change Consulting Today For all inquiries and to schedule a consultation, please reach out to us using the contact information provided below, or write a message using the contact form on the right. We are delighted to offer the first 2 hours of consultancy absolutely free of charge. Take advantage of this opportunity [&hellip;]<\/p>\n","protected":false},"author":7,"featured_media":0,"parent":0,"menu_order":0,"comment_status":"closed","ping_status":"closed","template":"","meta":{"_uag_custom_page_level_css":"","site-sidebar-layout":"default","site-content-layout":"page-builder","ast-site-content-layout":"default","site-content-style":"default","site-sidebar-style":"default","ast-global-header-display":"","ast-banner-title-visibility":"","ast-main-header-display":"","ast-hfb-above-header-display":"","ast-hfb-below-header-display":"","ast-hfb-mobile-header-display":"","site-post-title":"disabled","ast-breadcrumbs-content":"","ast-featured-img":"","footer-sml-layout":"","ast-disable-related-posts":"","theme-transparent-header-meta":"enabled","adv-header-id-meta":"","stick-header-meta":"","header-above-stick-meta":"","header-main-stick-meta":"","header-below-stick-meta":"","astra-migrate-meta-layouts":"set","ast-page-background-enabled":"default","ast-page-background-meta":{"desktop":{"background-color":"var(--ast-global-color-4)","background-image":"","background-repeat":"repeat","background-position":"center center","background-size":"auto","background-attachment":"scroll","background-type":"","background-media":"","overlay-type":"","overlay-color":"","overlay-opacity":"","overlay-gradient":""},"tablet":{"background-color":"","background-image":"","background-repeat":"repeat","background-position":"center center","background-size":"auto","background-attachment":"scroll","background-type":"","background-media":"","overlay-type":"","overlay-color":"","overlay-opacity":"","overlay-gradient":""},"mobile":{"background-color":"","background-image":"","background-repeat":"repeat","background-position":"center center","background-size":"auto","background-attachment":"scroll","background-type":"","background-media":"","overlay-type":"","overlay-color":"","overlay-opacity":"","overlay-gradient":""}},"ast-content-background-meta":{"desktop":{"background-color":"var(--ast-global-color-5)","background-image":"","background-repeat":"repeat","background-position":"center center","background-size":"auto","background-attachment":"scroll","background-type":"","background-media":"","overlay-type":"","overlay-color":"","overlay-opacity":"","overlay-gradient":""},"tablet":{"background-color":"var(--ast-global-color-5)","background-image":"","background-repeat":"repeat","background-position":"center center","background-size":"auto","background-attachment":"scroll","background-type":"","background-media":"","overlay-type":"","overlay-color":"","overlay-opacity":"","overlay-gradient":""},"mobile":{"background-color":"var(--ast-global-color-5)","background-image":"","background-repeat":"repeat","background-position":"center center","background-size":"auto","background-attachment":"scroll","background-type":"","background-media":"","overlay-type":"","overlay-color":"","overlay-opacity":"","overlay-gradient":""}},"footnotes":""},"class_list":["post-36","page","type-page","status-publish","hentry"],"uagb_featured_image_src":{"full":false,"thumbnail":false,"medium":false,"medium_large":false,"large":false,"1536x1536":false,"2048x2048":false,"trp-custom-language-flag":false},"uagb_author_info":{"display_name":"testaccount369","author_link":"https:\/\/changeconsulting.io\/de\/author\/ddf23886cb090531\/"},"uagb_comment_info":0,"uagb_excerpt":"Connect with Change Consulting Today For all inquiries and to schedule a consultation, please reach out to us using the contact information provided below, or write a message using the contact form on the right. We are delighted to offer the first 2 hours of consultancy absolutely free of charge. Take advantage of this opportunity&hellip;","_links":{"self":[{"href":"https:\/\/changeconsulting.io\/de\/wp-json\/wp\/v2\/pages\/36","targetHints":{"allow":["GET"]}}],"collection":[{"href":"https:\/\/changeconsulting.io\/de\/wp-json\/wp\/v2\/pages"}],"about":[{"href":"https:\/\/changeconsulting.io\/de\/wp-json\/wp\/v2\/types\/page"}],"author":[{"embeddable":true,"href":"https:\/\/changeconsulting.io\/de\/wp-json\/wp\/v2\/users\/7"}],"replies":[{"embeddable":true,"href":"https:\/\/changeconsulting.io\/de\/wp-json\/wp\/v2\/comments?post=36"}],"version-history":[{"count":2,"href":"https:\/\/changeconsulting.io\/de\/wp-json\/wp\/v2\/pages\/36\/revisions"}],"predecessor-version":[{"id":1686,"href":"https:\/\/changeconsulting.io\/de\/wp-json\/wp\/v2\/pages\/36\/revisions\/1686"}],"wp:attachment":[{"href":"https:\/\/changeconsulting.io\/de\/wp-json\/wp\/v2\/media?parent=36"}],"curies":[{"name":"wp","href":"https:\/\/api.w.org\/{rel}","templated":true}]}}