{"id":35,"date":"2024-09-28T09:51:17","date_gmt":"2024-09-28T07:51:17","guid":{"rendered":"https:\/\/changeconsulting.io\/?page_id=35"},"modified":"2024-10-02T00:24:35","modified_gmt":"2024-10-01T22:24:35","slug":"offerings","status":"publish","type":"page","link":"https:\/\/changeconsulting.io\/de\/offerings\/","title":{"rendered":"Angebot"},"content":{"rendered":"<div class=\"wp-block-uagb-container uag-blocks-common-selector uagb-block-7024acc2 alignfull uagb-is-root-container\"><div class=\"uagb-container-inner-blocks-wrap\">\n<div class=\"wp-block-uagb-info-box uagb-block-45be0f1e uagb-infobox__content-wrap  uagb-infobox-icon-above-title uagb-infobox-image-valign-top wp-block-uagb-info-box--has-margin\"><div class=\"uagb-infobox-margin-wrapper\"><div class=\"uagb-ifb-content\"><div class=\"uagb-ifb-title-wrap\"><span class=\"uagb-ifb-title-prefix\">Auszug aus unserem Dienstleistungsportfolio<\/span><h1 class=\"uagb-ifb-title\">Steigern Sie Ihre F&amp;E-Leistung<\/h1><\/div><\/div><\/div><\/div>\n<\/div><\/div>\n\n\n\n<div class=\"wp-block-uagb-container uagb-block-7449c9bf alignfull uagb-is-root-container\"><div class=\"uagb-container-inner-blocks-wrap\">\n<div class=\"wp-block-uagb-container uag-blocks-common-selector uagb-block-30b178af\">\n<div class=\"wp-block-uagb-container uagb-block-e08d2ba7\">\n<div class=\"wp-block-uagb-info-box uagb-block-cb1e2609 uagb-infobox__content-wrap  uagb-infobox-icon-above-title uagb-infobox-image-valign-top\"><div class=\"uagb-ifb-content\"><div class=\"uagb-ifb-title-wrap\"><span class=\"uagb-ifb-title-prefix\">01<\/span><h2 class=\"uagb-ifb-title\">Prozessoptimierung<\/h2><\/div><p class=\"uagb-ifb-desc\">Wir sind darauf spezialisiert, Ihre Forschungs- und Entwicklungsprozesse, Methoden und Werkzeuge zu optimieren. <strong>PMT<\/strong> durch die Implementierung ma\u00dfgeschneiderter L\u00f6sungen entsprechend <strong>ISO<\/strong> standards, <strong>ASPICE<\/strong> und anderer Qualit\u00e4tsrahmen, die Effizienz steigern, Verschwendung reduzieren und die Teamleistung \u00fcber alle Projekte hinweg optimieren.<\/p><\/div><\/div>\n<\/div>\n\n\n\n<div class=\"wp-block-uagb-container uagb-block-fa9be21e\">\n<div class=\"wp-block-uagb-image alignleft uagb-block-624b89c7 wp-block-uagb-image--layout-default wp-block-uagb-image--effect-static wp-block-uagb-image--align-left\"><figure class=\"wp-block-uagb-image__figure\"><img decoding=\"async\" srcset=\"https:\/\/changeconsulting.io\/wp-content\/uploads\/2024\/09\/statistics-displayed-on-a-monitor-5466250-683x1024.jpeg ,https:\/\/changeconsulting.io\/wp-content\/uploads\/2024\/09\/statistics-displayed-on-a-monitor-5466250.jpeg 780w, https:\/\/changeconsulting.io\/wp-content\/uploads\/2024\/09\/statistics-displayed-on-a-monitor-5466250.jpeg 360w\" sizes=\"auto, (max-width: 480px) 150px\" src=\"https:\/\/changeconsulting.io\/wp-content\/uploads\/2024\/09\/statistics-displayed-on-a-monitor-5466250-683x1024.jpeg\" alt=\"Statistics Displayed on a Monitor\" class=\"uag-image-1273\" width=\"600\" height=\"464\" title=\"statistics-displayed-on-a-monitor-5466250\" loading=\"lazy\" role=\"img\"\/><\/figure><\/div>\n<\/div>\n<\/div>\n\n\n\n<div class=\"wp-block-uagb-container uagb-block-947592b1 alignfull uagb-is-root-container\"><div class=\"uagb-container-inner-blocks-wrap\">\n<div class=\"wp-block-uagb-container uagb-block-5e41bb9d\">\n<div class=\"wp-block-uagb-image alignleft uagb-block-6f3129d4 wp-block-uagb-image--layout-default wp-block-uagb-image--effect-static wp-block-uagb-image--align-left\"><figure class=\"wp-block-uagb-image__figure\"><img decoding=\"async\" srcset=\"https:\/\/changeconsulting.io\/wp-content\/uploads\/2024\/09\/a-micro-processor-sitting-on-top-of-a-table-9wjtgixx6ls-1024x768.jpeg ,https:\/\/changeconsulting.io\/wp-content\/uploads\/2024\/09\/a-micro-processor-sitting-on-top-of-a-table-9wjtgixx6ls.jpeg 780w, https:\/\/changeconsulting.io\/wp-content\/uploads\/2024\/09\/a-micro-processor-sitting-on-top-of-a-table-9wjtgixx6ls.jpeg 360w\" sizes=\"auto, (max-width: 480px) 150px\" src=\"https:\/\/changeconsulting.io\/wp-content\/uploads\/2024\/09\/a-micro-processor-sitting-on-top-of-a-table-9wjtgixx6ls-1024x768.jpeg\" alt=\"Artificial Intelligence Neural Processor Unit chip\" class=\"uag-image-1276\" width=\"600\" height=\"464\" title=\"a-micro-processor-sitting-on-top-of-a-table-9wjtgixx6ls\" loading=\"lazy\" role=\"img\"\/><\/figure><\/div>\n<\/div>\n\n\n\n<div class=\"wp-block-uagb-container uagb-block-9a73b9d6\">\n<div class=\"wp-block-uagb-info-box uagb-block-c2081357 uagb-infobox__content-wrap  uagb-infobox-icon-above-title uagb-infobox-image-valign-top\"><div class=\"uagb-ifb-content\"><div class=\"uagb-ifb-title-wrap\"><span class=\"uagb-ifb-title-prefix\">02<\/span><h2 class=\"uagb-ifb-title\">Kostenreduzierung<\/h2><\/div><p class=\"uagb-ifb-desc\">Unsere Beratungsdienste konzentrieren sich darauf, Kosteneinsparungsm\u00f6glichkeiten innerhalb Ihrer F&amp;E-Landschaft zu identifizieren, damit Sie Ihr Budget optimal nutzen und gleichzeitig hohe Qualit\u00e4t beibehalten k\u00f6nnen. Dies erreichen wir durch die Analyse und Optimierung von Produktvarianten sowie die Reduzierung von Komplexit\u00e4t.<\/p><\/div><\/div>\n<\/div>\n<\/div><\/div>\n\n\n\n<div class=\"wp-block-uagb-container uagb-block-706afc9c alignfull uagb-is-root-container\"><div class=\"uagb-container-inner-blocks-wrap\">\n<div class=\"wp-block-uagb-container uagb-block-f7b650f5\">\n<div class=\"wp-block-uagb-info-box uagb-block-4853bff0 uagb-infobox__content-wrap  uagb-infobox-icon-above-title uagb-infobox-image-valign-top\"><div class=\"uagb-ifb-content\"><div class=\"uagb-ifb-title-wrap\"><span class=\"uagb-ifb-title-prefix\">03<\/span><h2 class=\"uagb-ifb-title\">Beschleunigung der Produktentwicklung und Markteinf\u00fchrung<\/h2><\/div><p class=\"uagb-ifb-desc\">Wir unterst\u00fctzen unsere Kunden dabei, ihre Produktentwicklungszyklen durch innovative organisatorische Ver\u00e4nderungen, Methoden und Werkzeuge zu verk\u00fcrzen, um marktreife L\u00f6sungen schneller bereitzustellen, die den Kundenanforderungen entsprechen.<\/p><\/div><\/div>\n<\/div>\n\n\n\n<div class=\"wp-block-uagb-container uagb-block-482c24a8\">\n<div class=\"wp-block-uagb-image alignleft uagb-block-63ffd992 wp-block-uagb-image--layout-default wp-block-uagb-image--effect-static wp-block-uagb-image--align-left\"><figure class=\"wp-block-uagb-image__figure\"><img decoding=\"async\" srcset=\"https:\/\/changeconsulting.io\/wp-content\/uploads\/2024\/09\/person-in-blue-and-white-sailboat-on-body-of-water-during-daytime-76978-1024x682.jpeg ,https:\/\/changeconsulting.io\/wp-content\/uploads\/2024\/09\/person-in-blue-and-white-sailboat-on-body-of-water-during-daytime-76978.jpeg 780w, https:\/\/changeconsulting.io\/wp-content\/uploads\/2024\/09\/person-in-blue-and-white-sailboat-on-body-of-water-during-daytime-76978.jpeg 360w\" sizes=\"auto, (max-width: 480px) 150px\" src=\"https:\/\/changeconsulting.io\/wp-content\/uploads\/2024\/09\/person-in-blue-and-white-sailboat-on-body-of-water-during-daytime-76978-1024x682.jpeg\" alt=\"Person in Blue and White Sailboat on Body of Water during Daytime\" class=\"uag-image-1281\" width=\"600\" height=\"464\" title=\"person-in-blue-and-white-sailboat-on-body-of-water-during-daytime-76978\" loading=\"lazy\" role=\"img\"\/><\/figure><\/div>\n<\/div>\n<\/div><\/div>\n<\/div><\/div>\n\n\n\n<div class=\"wp-block-uagb-container uagb-block-94e5ad93 alignfull uagb-is-root-container\"><div class=\"uagb-container-inner-blocks-wrap\">\n<div class=\"wp-block-uagb-info-box uagb-block-01720b37 uagb-infobox__content-wrap  uagb-infobox-icon-above-title uagb-infobox-image-valign-top\"><div class=\"uagb-ifb-content\"><div class=\"uagb-ifb-icon-wrap\"><svg xmlns=\"https:\/\/www.w3.org\/2000\/svg\" viewbox=\"0 0 448 512\"><path d=\"M96 96C42.98 96 0 138.1 0 192s42.98 96 96 96c11.28 0 21.95-2.305 32-5.879V288c0 35.3-28.7 64-64 64c-17.67 0-32 14.33-32 32s14.33 32 32 32c70.58 0 128-57.42 128-128V192C192 138.1 149 96 96 96zM448 192c0-53.02-42.98-96-96-96s-96 42.98-96 96s42.98 96 96 96c11.28 0 21.95-2.305 32-5.879V288c0 35.3-28.7 64-64 64c-17.67 0-32 14.33-32 32s14.33 32 32 32c70.58 0 128-57.42 128-128V192z\"><\/path><\/svg><\/div><div class=\"uagb-ifb-title-wrap\"><h2 class=\"uagb-ifb-title\">ChangeConsulting hat unseren Ansatz f\u00fcr F&amp;E grundlegend ver\u00e4ndert, unsere Projekteffizienz deutlich gesteigert und Kosten reduziert. Ihre Erkenntnisse waren entscheidend f\u00fcr unseren Erfolg.<\/h2><\/div><\/div><\/div>\n\n\n\n<div class=\"wp-block-uagb-advanced-heading uagb-block-e689f21b\"><div class=\"uagb-heading-text\">Matthias K. | Leiter Gesamtfahrzeugarchitektur<\/div><\/div>\n<\/div><\/div>\n\n\n\n<div class=\"wp-block-uagb-container uagb-block-cbccafeb alignfull uagb-is-root-container\"><div class=\"uagb-container-inner-blocks-wrap\">\n<div class=\"wp-block-uagb-container uagb-block-0299419c\">\n<div class=\"wp-block-uagb-info-box uagb-block-315ecf22 uagb-infobox__content-wrap  uagb-infobox-icon-above-title uagb-infobox-image-valign-top\"><div class=\"uagb-ifb-content\"><div class=\"uagb-ifb-title-wrap\"><span class=\"uagb-ifb-title-prefix\">Detaillierte PMT-Dienstleistungen<\/span><h2 class=\"uagb-ifb-title\">Prozesse, Methoden, Tools<\/h2><\/div><p class=\"uagb-ifb-desc\">Wir analysieren, konzipieren und implementieren Optimierungen Ihrer bestehenden Struktur, unter Ber\u00fccksichtigung der erforderlichen Normen und Qualit\u00e4tsstandards im Bereich Systems Engineering und Softwareentwicklung. Bringen Sie Ihre Teams auf das n\u00e4chste Level und steigern Sie Ihre Innovationskraft!<\/p><\/div><\/div>\n<\/div>\n\n\n\n<div class=\"wp-block-uagb-container uagb-block-56c2dc32\">\n<div class=\"wp-block-uagb-container uagb-block-c5169fc0\">\n<figure class=\"wp-block-image alignwide size-large is-style-default wp-duotone-unset-1\"><img loading=\"lazy\" decoding=\"async\" width=\"1024\" height=\"461\" src=\"https:\/\/changeconsulting.io\/wp-content\/uploads\/2024\/09\/PMT-1024x461.png\" alt=\"\" class=\"wp-image-1387\" title=\"\" srcset=\"https:\/\/changeconsulting.io\/wp-content\/uploads\/2024\/09\/PMT-1024x461.png 1024w, https:\/\/changeconsulting.io\/wp-content\/uploads\/2024\/09\/PMT-300x135.png 300w, https:\/\/changeconsulting.io\/wp-content\/uploads\/2024\/09\/PMT-768x346.png 768w, https:\/\/changeconsulting.io\/wp-content\/uploads\/2024\/09\/PMT-1536x692.png 1536w, https:\/\/changeconsulting.io\/wp-content\/uploads\/2024\/09\/PMT-2048x923.png 2048w\" sizes=\"auto, (max-width: 1024px) 100vw, 1024px\" \/><\/figure>\n<\/div>\n<\/div>\n<\/div><\/div>\n\n\n\n<div class=\"wp-block-uagb-container uagb-block-0d6e6fa5 alignfull uagb-is-root-container\"><div class=\"uagb-container-inner-blocks-wrap\">\n<div class=\"wp-block-uagb-info-box uagb-block-a3aa2356 uagb-infobox__content-wrap  uagb-infobox-icon-above-title uagb-infobox-image-valign-top wp-block-uagb-info-box--has-margin\"><div class=\"uagb-infobox-margin-wrapper\"><div class=\"uagb-ifb-content\"><div class=\"uagb-ifb-title-wrap\"><span class=\"uagb-ifb-title-prefix\">Machen Sie den n\u00e4chsten Schritt<\/span><h2 class=\"uagb-ifb-title\">Kontaktieren Sie Uns F\u00fcr Ihre Spezifische Aufgabenstellung<\/h2><\/div><div class=\"uagb-ifb-button-wrapper wp-block-button\"><a href=\"\/de\/contact\/\" class=\"uagb-infobox-cta-link wp-block-button__link\" target=\"_self\" rel=\"noopener noreferrer\" onclick=\"return true;\"><span class=\"uagb-inline-editing\">Loslegen<\/span><\/a><\/div><\/div><\/div><\/div>\n<\/div><\/div>","protected":false},"excerpt":{"rendered":"<p>Matthias K. | Leiter Gesamtfahrzeugarchitektur<\/p>","protected":false},"author":7,"featured_media":0,"parent":0,"menu_order":0,"comment_status":"closed","ping_status":"closed","template":"","meta":{"_uag_custom_page_level_css":"","site-sidebar-layout":"default","site-content-layout":"page-builder","ast-site-content-layout":"default","site-content-style":"default","site-sidebar-style":"default","ast-global-header-display":"","ast-banner-title-visibility":"","ast-main-header-display":"","ast-hfb-above-header-display":"","ast-hfb-below-header-display":"","ast-hfb-mobile-header-display":"","site-post-title":"disabled","ast-breadcrumbs-content":"","ast-featured-img":"","footer-sml-layout":"","ast-disable-related-posts":"","theme-transparent-header-meta":"enabled","adv-header-id-meta":"","stick-header-meta":"","header-above-stick-meta":"","header-main-stick-meta":"","header-below-stick-meta":"","astra-migrate-meta-layouts":"set","ast-page-background-enabled":"default","ast-page-background-meta":{"desktop":{"background-color":"var(--ast-global-color-4)","background-image":"","background-repeat":"repeat","background-position":"center center","background-size":"auto","background-attachment":"scroll","background-type":"","background-media":"","overlay-type":"","overlay-color":"","overlay-opacity":"","overlay-gradient":""},"tablet":{"background-color":"","background-image":"","background-repeat":"repeat","background-position":"center center","background-size":"auto","background-attachment":"scroll","background-type":"","background-media":"","overlay-type":"","overlay-color":"","overlay-opacity":"","overlay-gradient":""},"mobile":{"background-color":"","background-image":"","background-repeat":"repeat","background-position":"center center","background-size":"auto","background-attachment":"scroll","background-type":"","background-media":"","overlay-type":"","overlay-color":"","overlay-opacity":"","overlay-gradient":""}},"ast-content-background-meta":{"desktop":{"background-color":"var(--ast-global-color-5)","background-image":"","background-repeat":"repeat","background-position":"center center","background-size":"auto","background-attachment":"scroll","background-type":"","background-media":"","overlay-type":"","overlay-color":"","overlay-opacity":"","overlay-gradient":""},"tablet":{"background-color":"var(--ast-global-color-5)","background-image":"","background-repeat":"repeat","background-position":"center center","background-size":"auto","background-attachment":"scroll","background-type":"","background-media":"","overlay-type":"","overlay-color":"","overlay-opacity":"","overlay-gradient":""},"mobile":{"background-color":"var(--ast-global-color-5)","background-image":"","background-repeat":"repeat","background-position":"center center","background-size":"auto","background-attachment":"scroll","background-type":"","background-media":"","overlay-type":"","overlay-color":"","overlay-opacity":"","overlay-gradient":""}},"footnotes":""},"class_list":["post-35","page","type-page","status-publish","hentry"],"uagb_featured_image_src":{"full":false,"thumbnail":false,"medium":false,"medium_large":false,"large":false,"1536x1536":false,"2048x2048":false,"trp-custom-language-flag":false},"uagb_author_info":{"display_name":"testaccount369","author_link":"https:\/\/changeconsulting.io\/de\/author\/ddf23886cb090531\/"},"uagb_comment_info":0,"uagb_excerpt":"Matthias K. | Director Architecture","_links":{"self":[{"href":"https:\/\/changeconsulting.io\/de\/wp-json\/wp\/v2\/pages\/35","targetHints":{"allow":["GET"]}}],"collection":[{"href":"https:\/\/changeconsulting.io\/de\/wp-json\/wp\/v2\/pages"}],"about":[{"href":"https:\/\/changeconsulting.io\/de\/wp-json\/wp\/v2\/types\/page"}],"author":[{"embeddable":true,"href":"https:\/\/changeconsulting.io\/de\/wp-json\/wp\/v2\/users\/7"}],"replies":[{"embeddable":true,"href":"https:\/\/changeconsulting.io\/de\/wp-json\/wp\/v2\/comments?post=35"}],"version-history":[{"count":0,"href":"https:\/\/changeconsulting.io\/de\/wp-json\/wp\/v2\/pages\/35\/revisions"}],"wp:attachment":[{"href":"https:\/\/changeconsulting.io\/de\/wp-json\/wp\/v2\/media?parent=35"}],"curies":[{"name":"wp","href":"https:\/\/api.w.org\/{rel}","templated":true}]}}