{"id":34,"date":"2024-11-25T15:52:23","date_gmt":"2024-11-25T14:52:23","guid":{"rendered":"https:\/\/changeconsulting.io\/?page_id=34"},"modified":"2024-11-25T15:52:25","modified_gmt":"2024-11-25T14:52:25","slug":"about","status":"publish","type":"page","link":"https:\/\/changeconsulting.io\/de\/about\/","title":{"rendered":"\u00dcber uns"},"content":{"rendered":"<div class=\"wp-block-uagb-container uagb-block-c53a128d alignfull uagb-is-root-container\"><div class=\"uagb-container-inner-blocks-wrap\">\n<div class=\"wp-block-uagb-info-box uagb-block-b648e985 uagb-infobox__content-wrap  uagb-infobox-icon-above-title uagb-infobox-image-valign-top wp-block-uagb-info-box--has-margin\"><div class=\"uagb-infobox-margin-wrapper\"><div class=\"uagb-ifb-content\"><div class=\"uagb-ifb-title-wrap\"><p class=\"uagb-ifb-title-prefix\">\u00dcber uns<\/p><h1 class=\"uagb-ifb-title\">F&amp;E Innovationen St\u00e4rken<\/h1><\/div><\/div><\/div><\/div>\n<\/div><\/div>\n\n\n\n<div class=\"wp-block-uagb-container uagb-block-dc0169ac alignfull uagb-is-root-container\"><div class=\"uagb-container-inner-blocks-wrap\">\n<div class=\"wp-block-uagb-container uagb-block-47f0005f\">\n<div class=\"wp-block-uagb-info-box uagb-block-006696f2 uagb-infobox__content-wrap  uagb-infobox-icon-above-title uagb-infobox-image-valign-top\"><div class=\"uagb-ifb-content\"><div class=\"uagb-ifb-title-wrap\"><p class=\"uagb-ifb-title-prefix\">Woher Wir Kommen<\/p><h2 class=\"uagb-ifb-title\">Die Angst vor Ver\u00e4nderung nehmen<\/h2><\/div><\/div><\/div>\n<\/div>\n\n\n\n<div class=\"wp-block-uagb-container uagb-block-ccdccb28\">\n<div class=\"wp-block-uagb-info-box uagb-block-54f3833f uagb-infobox__content-wrap  uagb-infobox-icon-above-title uagb-infobox-image-valign-top\"><div class=\"uagb-ifb-content\"><div class=\"uagb-ifb-title-wrap\"><p class=\"uagb-ifb-title\"><strong>Experten in der F&amp;E Optimierung:<\/strong><br><br>ChangeConsulting ist eine spezialisierte Beratungsfirma und Agentur mit Sitz in Mitteleuropa, die sich auf die Optimierung von Forschungs- und Entwicklungsprozessen in den Branchen Automotive und Zulieferer, Maschinenbau, Anlagenbau und Technologie fokussiert. Seit der Gr\u00fcndung im Jahr 2010 verbindet das Unternehmen erfolgreich tiefgehendes Branchenwissen mit innovativen Methoden, um die Produktivit\u00e4t ma\u00dfgeblich zu steigern. Im Mittelpunkt stehen dabei stets die Menschen, die mit den Optimierungsver\u00e4nderungen arbeiten \u2013 mit dem Ziel, ihren Arbeitsalltag zu erleichtern und die Angst vor dem Unbekannten zu nehmen.<\/p><\/div><p class=\"uagb-ifb-desc\">Unsere Kunden reichen von mittelst\u00e4ndischen Unternehmen bis hin zu gro\u00dfen Konzernen im Bereich Produktentwicklung von komplexen Systemen und Technologie. Mit ma\u00dfgeschneiderten L\u00f6sungen und einem tiefen Verst\u00e4ndnis Ihrer Bed\u00fcrfnisse steigern wir die Effizienz in Ihrem Unternehmen und f\u00f6rdern die Wettbewerbsf\u00e4higkeit in einem sich schnell wandelnden Markt.<\/p><\/div><\/div>\n<\/div>\n<\/div><\/div>\n\n\n\n<div class=\"wp-block-uagb-container uagb-block-e40412f9 alignfull uagb-is-root-container\"><div class=\"uagb-container-inner-blocks-wrap\">\n<div class=\"wp-block-uagb-info-box uagb-block-eca68ba6 uagb-infobox__content-wrap  uagb-infobox-icon-above-title uagb-infobox-image-valign-top\"><div class=\"uagb-ifb-content\"><div class=\"uagb-ifb-title-wrap\"><span class=\"uagb-ifb-title-prefix\">Unsere Vorgehensweise<\/span><h2 class=\"uagb-ifb-title\">Innovative Strategien f\u00fcr maximalen Erfolg<\/h2><\/div><\/div><\/div>\n\n\n\n<div class=\"wp-block-uagb-container uagb-block-c3af8e7b\">\n<div class=\"wp-block-uagb-container uagb-block-1f437655\">\n<div class=\"wp-block-uagb-advanced-heading uagb-block-0c02a7b6\"><h3 class=\"uagb-heading-text\">Ma\u00dfgeschneiderte L\u00f6sungen<\/h3><p class=\"uagb-desc-text\">Bei ChangeConsulting sind wir \u00fcberzeugt, dass jeder Kunde einzigartig ist. Unser ma\u00dfgeschneiderter Ansatz beinhaltet eine detaillierte Analyse spezifischer betrieblicher Herausforderungen und die Entwicklung individuell zugeschnittener L\u00f6sungen, die Abl\u00e4ufe optimieren und die Produktivit\u00e4t und Organisation verbessern. Wir arbeiten eng mit unseren Kunden zusammen, um eine perfekte Abstimmung und nachhaltigen Erfolg zu gew\u00e4hrleisten.<\/p><\/div>\n<\/div>\n\n\n\n<div class=\"wp-block-uagb-container uagb-block-5b0fca3b\">\n<div class=\"wp-block-uagb-advanced-heading uagb-block-2d293cdd\"><h3 class=\"uagb-heading-text\">Auf Augenh\u00f6he mit unseren Kunden<\/h3><p class=\"uagb-desc-text\">Wir pflegen strategische Partnerschaften mit unseren Kunden, verstehen ihre Ziele und integrieren unser Know-how in ihre Abl\u00e4ufe. Durch die Zusammenarbeit optimieren wir nicht nur F&amp;E-Prozesse, sondern schaffen ein vertrauensvolles Netzwerk, das Ressourceneffizienz maximiert und Innovationen vorantreibt. Loyalit\u00e4t und Geheimihaltung sind dabei f\u00fcr uns selbstverst\u00e4ndlich.<\/p><\/div>\n<\/div>\n<\/div>\n<\/div><\/div>\n\n\n\n<div class=\"wp-block-uagb-container uagb-block-405e4c56 alignfull uagb-is-root-container\"><div class=\"uagb-container-inner-blocks-wrap\">\n<div class=\"wp-block-uagb-info-box uagb-block-7cb434a3 uagb-infobox__content-wrap  uagb-infobox-icon-above-title uagb-infobox-image-valign-top\"><div class=\"uagb-ifb-content\"><div class=\"uagb-ifb-icon-wrap\"><svg xmlns=\"https:\/\/www.w3.org\/2000\/svg\" viewbox=\"0 0 640 512\"><path d=\"M623.5 164C638.1 172.6 644.6 192.1 635.1 207.5C627.4 222.1 607.9 228.6 592.5 219.1L319.1 68.61L47.54 219.1C32.09 228.6 12.61 222.1 4.025 207.5C-4.558 192.1 1.008 172.6 16.46 164L304.5 4.027C314.1-1.342 325.9-1.342 335.5 4.027L623.5 164zM279.1 200C279.1 177.9 297.9 160 319.1 160C342.1 160 359.1 177.9 359.1 200C359.1 222.1 342.1 240 319.1 240C297.9 240 279.1 222.1 279.1 200zM103.1 296C103.1 273.9 121.9 256 143.1 256C166.1 256 183.1 273.9 183.1 296C183.1 318.1 166.1 336 143.1 336C121.9 336 103.1 318.1 103.1 296V296zM535.1 296C535.1 318.1 518.1 336 495.1 336C473.9 336 455.1 318.1 455.1 296C455.1 273.9 473.9 256 495.1 256C518.1 256 535.1 273.9 535.1 296zM226.9 491.4L199.1 441.5V480C199.1 497.7 185.7 512 167.1 512H119.1C102.3 512 87.1 497.7 87.1 480V441.5L61.13 491.4C54.84 503 40.29 507.4 28.62 501.1C16.95 494.8 12.58 480.3 18.87 468.6L56.74 398.3C72.09 369.8 101.9 352 134.2 352H153.8C170.1 352 185.7 356.5 199.2 364.6L232.7 302.3C248.1 273.8 277.9 255.1 310.2 255.1H329.8C362.1 255.1 391.9 273.8 407.3 302.3L440.8 364.6C454.3 356.5 469.9 352 486.2 352H505.8C538.1 352 567.9 369.8 583.3 398.3L621.1 468.6C627.4 480.3 623 494.8 611.4 501.1C599.7 507.4 585.2 503 578.9 491.4L551.1 441.5V480C551.1 497.7 537.7 512 519.1 512H471.1C454.3 512 439.1 497.7 439.1 480V441.5L413.1 491.4C406.8 503 392.3 507.4 380.6 501.1C368.1 494.8 364.6 480.3 370.9 468.6L407.2 401.1C405.5 399.5 404 397.6 402.9 395.4L375.1 345.5V400C375.1 417.7 361.7 432 343.1 432H295.1C278.3 432 263.1 417.7 263.1 400V345.5L237.1 395.4C235.1 397.6 234.5 399.5 232.8 401.1L269.1 468.6C275.4 480.3 271 494.8 259.4 501.1C247.7 507.4 233.2 503 226.9 491.4H226.9z\"><\/path><\/svg><\/div><div class=\"uagb-ifb-title-wrap\"><span class=\"uagb-ifb-title-prefix\">Starkes internationales Partnernetzwerk<\/span><h2 class=\"uagb-ifb-title\">Beratungsnetzwerk<\/h2><\/div><p class=\"uagb-ifb-desc\">Je nach Bedarf unserer Kunden \u00fcbernehmen wir gro\u00dfe Projekte gemeinsam mit unserem globalen Beratungsnetzwerk. <br>Auswahl unserer wichtigsten Partner:<br><br><a href=\"https:\/\/deloitte.de\" data-type=\"link\" data-id=\"deloitte.de\" target=\"_blank\" rel=\"noopener noreferrer nofollow\">DELOITTE<\/a> &#8211; <a href=\"https:\/\/manigrama.eu\" data-type=\"link\" data-id=\"manigrama.eu\" target=\"_blank\" rel=\"noopener noreferrer nofollow\">MANIGRAMA<\/a> &#8211; <a href=\"https:\/\/mananddata.com\" data-type=\"link\" data-id=\"mananddata.com\" target=\"_blank\" rel=\"noopener noreferrer nofollow\">MANANDDATA<\/a> &#8211; <a href=\"https:\/\/unico.works\" data-type=\"link\" data-id=\"unico.works\" target=\"_blank\" rel=\"noopener noreferrer nofollow\">UNICO WORKS<\/a><br>sowie zus\u00e4tzliche Software-, IT- und Backoffice-Ressourcen in Indien und Polen.<br><\/p><\/div><\/div>\n<\/div><\/div>\n\n\n\n<div class=\"wp-block-uagb-container uagb-block-0d6e6fa5 alignfull uagb-is-root-container\"><div class=\"uagb-container-inner-blocks-wrap\">\n<div class=\"wp-block-uagb-info-box uagb-block-a3aa2356 uagb-infobox__content-wrap  uagb-infobox-icon-above-title uagb-infobox-image-valign-top wp-block-uagb-info-box--has-margin\"><div class=\"uagb-infobox-margin-wrapper\"><div class=\"uagb-ifb-content\"><div class=\"uagb-ifb-title-wrap\"><span class=\"uagb-ifb-title-prefix\">Machen Sie den n\u00e4chsten Schritt<\/span><h2 class=\"uagb-ifb-title\">Kontaktieren Sie Uns F\u00fcr Ihre Spezifische Aufgabenstellung<\/h2><\/div><div class=\"uagb-ifb-button-wrapper wp-block-button\"><a href=\"\/de\/contact\/\" class=\"uagb-infobox-cta-link wp-block-button__link\" target=\"_self\" rel=\"noopener noreferrer\" onclick=\"return true;\"><span class=\"uagb-inline-editing\">Loslegen<\/span><\/a><\/div><\/div><\/div><\/div>\n<\/div><\/div>","protected":false},"excerpt":{"rendered":"<p>Customized Solutions At ChangeConsulting, we believe that each client is unique. Our tailored approach involves analyzing specific operational challenges and crafting customized solutions that streamline processes and enhance productivity. We work closely with our clients to ensure alignment and success. Collaborative Partnerships We foster strategic partnerships with our clients, understanding their goals and integrating our [&hellip;]<\/p>\n","protected":false},"author":7,"featured_media":0,"parent":0,"menu_order":0,"comment_status":"closed","ping_status":"closed","template":"","meta":{"_uag_custom_page_level_css":"","site-sidebar-layout":"default","site-content-layout":"page-builder","ast-site-content-layout":"default","site-content-style":"default","site-sidebar-style":"default","ast-global-header-display":"","ast-banner-title-visibility":"","ast-main-header-display":"","ast-hfb-above-header-display":"","ast-hfb-below-header-display":"","ast-hfb-mobile-header-display":"","site-post-title":"disabled","ast-breadcrumbs-content":"","ast-featured-img":"","footer-sml-layout":"","ast-disable-related-posts":"","theme-transparent-header-meta":"enabled","adv-header-id-meta":"","stick-header-meta":"","header-above-stick-meta":"","header-main-stick-meta":"","header-below-stick-meta":"","astra-migrate-meta-layouts":"set","ast-page-background-enabled":"default","ast-page-background-meta":{"desktop":{"background-color":"var(--ast-global-color-4)","background-image":"","background-repeat":"repeat","background-position":"center center","background-size":"auto","background-attachment":"scroll","background-type":"","background-media":"","overlay-type":"","overlay-color":"","overlay-opacity":"","overlay-gradient":""},"tablet":{"background-color":"","background-image":"","background-repeat":"repeat","background-position":"center center","background-size":"auto","background-attachment":"scroll","background-type":"","background-media":"","overlay-type":"","overlay-color":"","overlay-opacity":"","overlay-gradient":""},"mobile":{"background-color":"","background-image":"","background-repeat":"repeat","background-position":"center center","background-size":"auto","background-attachment":"scroll","background-type":"","background-media":"","overlay-type":"","overlay-color":"","overlay-opacity":"","overlay-gradient":""}},"ast-content-background-meta":{"desktop":{"background-color":"var(--ast-global-color-5)","background-image":"","background-repeat":"repeat","background-position":"center center","background-size":"auto","background-attachment":"scroll","background-type":"","background-media":"","overlay-type":"","overlay-color":"","overlay-opacity":"","overlay-gradient":""},"tablet":{"background-color":"var(--ast-global-color-5)","background-image":"","background-repeat":"repeat","background-position":"center center","background-size":"auto","background-attachment":"scroll","background-type":"","background-media":"","overlay-type":"","overlay-color":"","overlay-opacity":"","overlay-gradient":""},"mobile":{"background-color":"var(--ast-global-color-5)","background-image":"","background-repeat":"repeat","background-position":"center center","background-size":"auto","background-attachment":"scroll","background-type":"","background-media":"","overlay-type":"","overlay-color":"","overlay-opacity":"","overlay-gradient":""}},"footnotes":""},"class_list":["post-34","page","type-page","status-publish","hentry"],"uagb_featured_image_src":{"full":false,"thumbnail":false,"medium":false,"medium_large":false,"large":false,"1536x1536":false,"2048x2048":false,"trp-custom-language-flag":false},"uagb_author_info":{"display_name":"testaccount369","author_link":"https:\/\/changeconsulting.io\/de\/author\/ddf23886cb090531\/"},"uagb_comment_info":0,"uagb_excerpt":"Customized Solutions At ChangeConsulting, we believe that each client is unique. Our tailored approach involves analyzing specific operational challenges and crafting customized solutions that streamline processes and enhance productivity. We work closely with our clients to ensure alignment and success. Collaborative Partnerships We foster strategic partnerships with our clients, understanding their goals and integrating our&hellip;","_links":{"self":[{"href":"https:\/\/changeconsulting.io\/de\/wp-json\/wp\/v2\/pages\/34","targetHints":{"allow":["GET"]}}],"collection":[{"href":"https:\/\/changeconsulting.io\/de\/wp-json\/wp\/v2\/pages"}],"about":[{"href":"https:\/\/changeconsulting.io\/de\/wp-json\/wp\/v2\/types\/page"}],"author":[{"embeddable":true,"href":"https:\/\/changeconsulting.io\/de\/wp-json\/wp\/v2\/users\/7"}],"replies":[{"embeddable":true,"href":"https:\/\/changeconsulting.io\/de\/wp-json\/wp\/v2\/comments?post=34"}],"version-history":[{"count":1,"href":"https:\/\/changeconsulting.io\/de\/wp-json\/wp\/v2\/pages\/34\/revisions"}],"predecessor-version":[{"id":1684,"href":"https:\/\/changeconsulting.io\/de\/wp-json\/wp\/v2\/pages\/34\/revisions\/1684"}],"wp:attachment":[{"href":"https:\/\/changeconsulting.io\/de\/wp-json\/wp\/v2\/media?parent=34"}],"curies":[{"name":"wp","href":"https:\/\/api.w.org\/{rel}","templated":true}]}}