{"id":32,"date":"2024-11-25T15:47:33","date_gmt":"2024-11-25T14:47:33","guid":{"rendered":"https:\/\/changeconsulting.io\/?page_id=32"},"modified":"2024-11-25T15:47:34","modified_gmt":"2024-11-25T14:47:34","slug":"home","status":"publish","type":"page","link":"https:\/\/changeconsulting.io\/de\/","title":{"rendered":"Steigern Sie die Leistung Ihrer F&amp;E Abteilung"},"content":{"rendered":"<div data-aos= \"zoom-out\" data-aos-duration=\"400\" data-aos-delay=\"0\" data-aos-easing=\"ease\" data-aos-once=\"true\" class=\"wp-block-uagb-container uagb-layout-flex uagb-block-be4c9d22 alignfull uagb-is-root-container\"><div class=\"uagb-container-inner-blocks-wrap\">\n<div class=\"wp-block-uagb-container uagb-block-f192188b alignfull uagb-is-root-container\"><div class=\"uagb-container-inner-blocks-wrap\">\n<div class=\"wp-block-uagb-info-box uagb-block-15eb55b4 uagb-infobox__content-wrap  uagb-infobox-icon-above-title uagb-infobox-image-valign-top wp-block-uagb-info-box--has-margin\"><div class=\"uagb-infobox-margin-wrapper\"><div class=\"uagb-ifb-content\"><div class=\"uagb-ifb-title-wrap\"><p class=\"uagb-ifb-title-prefix\"><br>Beratung zum Thema, wie<\/p><h1 class=\"uagb-ifb-title\">Steigern Sie die Leistung Ihrer F&amp;E Abteilung<\/h1><\/div><div class=\"uagb-ifb-button-wrapper wp-block-button\"><a href=\"\/de\/contact\/\" class=\"uagb-infobox-cta-link wp-block-button__link\" target=\"_self\" rel=\"noopener noreferrer\" onclick=\"return true;\"><span class=\"uagb-inline-editing\">Loslegen<\/span><\/a><\/div><\/div><\/div><\/div>\n<\/div><\/div>\n<\/div><\/div>\n\n\n\n<div class=\"wp-block-uagb-container uagb-block-483a92cd alignfull uagb-is-root-container\"><div class=\"uagb-container-inner-blocks-wrap\">\n<div class=\"wp-block-uagb-container uagb-block-4b1402aa\">\n<div class=\"wp-block-uagb-info-box uagb-block-95a5feec uagb-infobox__content-wrap  uagb-infobox-icon-above-title uagb-infobox-image-valign-top wp-block-uagb-info-box--has-margin\"><div class=\"uagb-infobox-margin-wrapper\"><div class=\"uagb-ifb-content\"><div class=\"uagb-ifb-title-wrap\"><span class=\"uagb-ifb-title-prefix\">\u00dcber den Gr\u00fcnder<\/span><h2 class=\"uagb-ifb-title\">Experte im Bereich F&amp;E Optimierung<\/h2><\/div><p class=\"uagb-ifb-desc\">Christian gr\u00fcndete ChangeConsulting im Jahr 2010, spezialisiert auf die Steigerung der Entwicklungseffizienz, haupts\u00e4chlich in der Automobilindustrie, im Maschinen- und Anlagenbau und iim Bereich Technologie. Mit Sitz in Europa bietet er ma\u00dfgeschneiderte L\u00f6sungen, die Produktivit\u00e4t und Innovation vorantreiben. Sein starkes Partnernetzwerk erm\u00f6glicht es ihm, Fachexperten f\u00fcr gro\u00dfe Beratungs- und Implementierungsprojekte bereitzustellen.<\/p><div class=\"uagb-ifb-button-wrapper wp-block-button\"><a href=\"\/de\/about\/\" class=\"uagb-infobox-cta-link wp-block-button__link\" target=\"_self\" rel=\"noopener noreferrer\" onclick=\"return true;\"><span class=\"uagb-inline-editing\">Mehr Erfahren<\/span><\/a><\/div><\/div><\/div><\/div>\n<\/div>\n\n\n\n<div class=\"wp-block-uagb-container uagb-block-1e7d4779\">\n<div class=\"wp-block-uagb-image alignleft uagb-block-b14d98aa wp-block-uagb-image--layout-default wp-block-uagb-image--effect-static wp-block-uagb-image--align-left aligncenter\"><figure class=\"wp-block-uagb-image__figure\"><img decoding=\"async\" srcset=\"https:\/\/changeconsulting.io\/wp-content\/uploads\/2024\/09\/ProfileCD_2-edited.jpg ,https:\/\/changeconsulting.io\/wp-content\/uploads\/2024\/09\/ProfileCD_2.jpg 780w, https:\/\/changeconsulting.io\/wp-content\/uploads\/2024\/09\/ProfileCD_2.jpg 360w\" sizes=\"auto, (max-width: 480px) 150px\" src=\"https:\/\/changeconsulting.io\/wp-content\/uploads\/2024\/09\/ProfileCD_2-edited.jpg\" alt=\"\" class=\"uag-image-1312\" width=\"600\" height=\"625\" title=\"ProfileCD_2\" loading=\"lazy\" role=\"img\"><\/figure><\/div>\n<\/div>\n<\/div><\/div>\n\n\n\n<div class=\"wp-block-uagb-container uagb-block-e6e6d851 alignfull uagb-is-root-container\"><div class=\"uagb-container-inner-blocks-wrap\">\n<div class=\"wp-block-uagb-info-box uagb-block-209471ca uagb-infobox__content-wrap  uagb-infobox-icon-above-title uagb-infobox-image-valign-top wp-block-uagb-info-box--has-margin\"><div class=\"uagb-infobox-margin-wrapper\"><div class=\"uagb-ifb-content\"><div class=\"uagb-ifb-title-wrap\"><span class=\"uagb-ifb-title-prefix\">Ihr Erfolg ist uns wichtig<\/span><h2 class=\"uagb-ifb-title\">Unternehmenswerte<\/h2><\/div><\/div><\/div><\/div>\n\n\n\n<div class=\"wp-block-uagb-container uagb-block-aef26be5\">\n<div class=\"wp-block-uagb-info-box uagb-block-7b3f2fde uagb-infobox__content-wrap  uagb-infobox-icon-above-title uagb-infobox-image-valign-top wp-block-uagb-info-box--has-margin\"><div class=\"uagb-infobox-margin-wrapper\"><div class=\"uagb-ifb-content\"><div class=\"uagb-ifb-title-wrap\"><p class=\"uagb-ifb-title-prefix\">01<\/p><h3 class=\"uagb-ifb-title\">Integrit\u00e4t<\/h3><\/div><p class=\"uagb-ifb-desc\">Wir wahren h\u00f6chste ethische Standards und gew\u00e4hrleisten jederzeit Vertrauen und Transparenz gegen\u00fcber unseren Kunden.<\/p><\/div><\/div><\/div>\n\n\n\n<div class=\"wp-block-uagb-info-box uagb-block-7c94c1b9 uagb-infobox__content-wrap  uagb-infobox-icon-above-title uagb-infobox-image-valign-top\"><div class=\"uagb-ifb-content\"><div class=\"uagb-ifb-title-wrap\"><p class=\"uagb-ifb-title-prefix\">02<\/p><h3 class=\"uagb-ifb-title\">Innovation<\/h3><\/div><p class=\"uagb-ifb-desc\">Wir sch\u00e4tzen Kreativit\u00e4t und neue Ideen und suchen st\u00e4ndig nach innovativen L\u00f6sungen, um den Herausforderungen der jeweiligen Branche zu begegnen.<\/p><\/div><\/div>\n\n\n\n<div class=\"wp-block-uagb-info-box uagb-block-d0590ba5 uagb-infobox__content-wrap  uagb-infobox-icon-above-title uagb-infobox-image-valign-top\"><div class=\"uagb-ifb-content\"><div class=\"uagb-ifb-title-wrap\"><p class=\"uagb-ifb-title-prefix\">03<\/p><h3 class=\"uagb-ifb-title\">Zusammenarbeit<\/h3><\/div><p class=\"uagb-ifb-desc\">Wir glauben an Teamarbeit und arbeiten eng mit unseren Kunden und Partnern zusammen, um gemeinsam erfolgreich zu sein.<\/p><\/div><\/div>\n<\/div>\n<\/div><\/div>\n\n\n\n<div class=\"wp-block-uagb-container uagb-block-03c421a9 alignfull uagb-is-root-container\"><div class=\"uagb-container-inner-blocks-wrap\">\n<div class=\"wp-block-uagb-info-box uagb-block-ad44d917 uagb-infobox__content-wrap  uagb-infobox-icon-above-title uagb-infobox-image-valign-top wp-block-uagb-info-box--has-margin\"><div class=\"uagb-infobox-margin-wrapper\"><div class=\"uagb-ifb-content\"><div class=\"uagb-ifb-title-wrap\"><span class=\"uagb-ifb-title-prefix\">Bereit f\u00fcr Ihre Transformation?<\/span><h2 class=\"uagb-ifb-title\">Schlie\u00dfen Sie sich uns an, um Ihren F&amp;E Erfolg neu zu definieren.<\/h2><\/div><div class=\"uagb-ifb-button-wrapper wp-block-button\"><a href=\"\/de\/contact\/\" class=\"uagb-infobox-cta-link wp-block-button__link\" target=\"_self\" rel=\"noopener noreferrer\" onclick=\"return true;\"><span class=\"uagb-inline-editing\">Loslegen<\/span><\/a><\/div><\/div><\/div><\/div>\n<\/div><\/div>\n\n\n\n<div class=\"wp-block-uagb-container uagb-block-bd294b54 alignfull uagb-is-root-container\"><div class=\"uagb-container-inner-blocks-wrap\">\n<div class=\"wp-block-uagb-container uagb-block-be752df5\">\n<div class=\"wp-block-uagb-info-box uagb-block-96de7bfb uagb-infobox__content-wrap  uagb-infobox-icon-above-title uagb-infobox-image-valign-top wp-block-uagb-info-box--has-margin\"><div class=\"uagb-infobox-margin-wrapper\"><div class=\"uagb-ifb-content\"><div class=\"uagb-ifb-title-wrap\"><span class=\"uagb-ifb-title-prefix\">Warum Sie mit uns zusammenarbeiten sollten<\/span><h2 class=\"uagb-ifb-title\">Warum Sie ChangeConsulting als Partner f\u00fcr die Optimierung Ihrer Produktentwicklung w\u00e4hlen sollten.<\/h2><\/div><p class=\"uagb-ifb-desc\">Wir bieten einzigartige, auf Ihre Bed\u00fcrfnisse zugeschnittene L\u00f6sungen und nutzen unser Branchen-Know-how sowie ein starkes Partnernetzwerk, um au\u00dfergew\u00f6hnliche Ergebnisse zu erzielen. Dies spart ihnen Kosten, beschleunigt Ihren Markteintritt, erh\u00f6ht Ihre Produktqualit\u00e4t und erh\u00f6ht Ihre Kundenakzeptanz.<\/p><\/div><\/div><\/div>\n<\/div>\n\n\n\n<div class=\"wp-block-uagb-container uagb-block-5b819529\">\n<div class=\"wp-block-uagb-advanced-heading uagb-block-4b269d2c\"><h3 class=\"uagb-heading-text\">Ma\u00dfgeschneiderte L\u00f6sungen<\/h3><p class=\"uagb-desc-text\">Wir passen unsere Beratungsdienstleistungen an Ihre spezifischen Anforderungen an und stellen sicher, dass Sie die effektivsten Strategien f\u00fcr Ihr Unternehmen erhalten.<\/p><\/div>\n\n\n\n<div class=\"wp-block-uagb-advanced-heading uagb-block-bf44b603\"><div class=\"uagb-separator\"><\/div><h3 class=\"uagb-heading-text\">Branchenexpertise<\/h3><p class=\"uagb-desc-text\">Unser Team und Partnernetzwerk verf\u00fcgen \u00fcber fundiertes Wissen in den Bereichen Automobilindustrie, Technologie, Maschinenbau und digitale Transformation, sodass wir wertvolle und relevante Erfahrungen und Einblicke in Ihr Projekt einbringen k\u00f6nnen.<\/p><\/div>\n\n\n\n<div class=\"wp-block-uagb-advanced-heading uagb-block-22b475f2\"><div class=\"uagb-separator\"><\/div><h3 class=\"uagb-heading-text\">Nachweisbare Ergebnisse<\/h3><p class=\"uagb-desc-text\">Wir k\u00f6nnen auf Projekterfolge bei der Unterst\u00fctzung unserer Kunden in der Kostensenkung und einer Verk\u00fcrzung der Markteinf\u00fchrungszeit zur\u00fcckblicken, bei gleichzeitiger Verbesserung der Produktqualit\u00e4t, Wettbewerbsf\u00e4higkeit und Kundenzentrierung.<\/p><\/div>\n<\/div>\n<\/div><\/div>\n\n\n\n<div class=\"wp-block-uagb-container uagb-block-663b400a alignfull uagb-is-root-container\"><div class=\"uagb-container-inner-blocks-wrap\">\n<div class=\"wp-block-uagb-advanced-heading uagb-block-076b93e2\"><p class=\"uagb-desc-text\">Kundenstimmen<\/p><h2 class=\"uagb-heading-text\">Was Kunden sagen<\/h2><\/div>\n\n\n\n<div class=\"wp-block-uagb-container uagb-block-15089bb2 alignfull uagb-is-root-container\"><div class=\"uagb-container-inner-blocks-wrap\">\n<div class=\"wp-block-uagb-container uagb-block-6dbf9a5b\">\n<div class=\"wp-block-uagb-info-box uagb-block-800f848e uagb-infobox__content-wrap  uagb-infobox-icon-above-title uagb-infobox-image-valign-top\"><div class=\"uagb-ifb-content\"><div class=\"uagb-ifb-icon-wrap\"><svg xmlns=\"https:\/\/www.w3.org\/2000\/svg\" viewbox=\"0 0 448 512\"><path d=\"M96 224C84.72 224 74.05 226.3 64 229.9V224c0-35.3 28.7-64 64-64c17.67 0 32-14.33 32-32S145.7 96 128 96C57.42 96 0 153.4 0 224v96c0 53.02 42.98 96 96 96s96-42.98 96-96S149 224 96 224zM352 224c-11.28 0-21.95 2.305-32 5.879V224c0-35.3 28.7-64 64-64c17.67 0 32-14.33 32-32s-14.33-32-32-32c-70.58 0-128 57.42-128 128v96c0 53.02 42.98 96 96 96s96-42.98 96-96S405 224 352 224z\"><\/path><\/svg><\/div><div class=\"uagb-ifb-title-wrap\"><\/div><p class=\"uagb-ifb-desc\">Christian verf\u00fcgt \u00fcber einen \u00e4u\u00dferst umfangreichen Werkzeugkasten, den er gro\u00dfz\u00fcgig teilt und mit gro\u00dfer Wirkung einsetzt. Er versteht es hervorragend, Theorie mit seiner Erfahrung im Projektmanagement, Ingenieurwesen und den Herausforderungen auf allen Organisationsebenen zu verkn\u00fcpfen. Er analysiert Daten, mehrdeutige Aussagen und Unternehmenspolitik schnell und findet einen gangbaren Weg nach vorne. Christian ist stets gut vorbereitet und \u00fcberlegt genau, wie er Diskussionen, Verhandlungen und \u00dcberzeugungen effektiv und effizient einsetzen kann, um einen gemeinsamen Nenner zu finden, der Projekte und Vorhaben zum Wohle der Mitarbeiter und des Unternehmens voranbringt. Er ist in der Lage, komplexe, sowohl technische als auch organisatorische Situationen zusammenzufassen und diese in einer logischen und verst\u00e4ndlichen Weise zu pr\u00e4sentieren. Ich w\u00fcrde jederzeit wieder gerne mit Christian zusammenarbeiten.<br><br>\u2013 Henning P. | Gesamtleiter Entwicklung<\/p><\/div><\/div>\n<\/div>\n\n\n\n<div class=\"wp-block-uagb-container uagb-block-71dd76c4\">\n<div class=\"wp-block-uagb-info-box uagb-block-b967b89a uagb-infobox__content-wrap  uagb-infobox-icon-above-title uagb-infobox-image-valign-top\"><div class=\"uagb-ifb-content\"><div class=\"uagb-ifb-icon-wrap\"><svg xmlns=\"https:\/\/www.w3.org\/2000\/svg\" viewbox=\"0 0 448 512\"><path d=\"M96 224C84.72 224 74.05 226.3 64 229.9V224c0-35.3 28.7-64 64-64c17.67 0 32-14.33 32-32S145.7 96 128 96C57.42 96 0 153.4 0 224v96c0 53.02 42.98 96 96 96s96-42.98 96-96S149 224 96 224zM352 224c-11.28 0-21.95 2.305-32 5.879V224c0-35.3 28.7-64 64-64c17.67 0 32-14.33 32-32s-14.33-32-32-32c-70.58 0-128 57.42-128 128v96c0 53.02 42.98 96 96 96s96-42.98 96-96S405 224 352 224z\"><\/path><\/svg><\/div><div class=\"uagb-ifb-title-wrap\"><\/div><p class=\"uagb-ifb-desc\">Christian war als Interimsleiter f\u00fcr die Gesamtentwicklung und f\u00fcr das Produktmanagement bei uns t\u00e4tig. Er arbeitet sehr strategisch, hat eine hohe Sozialkompetenz, ist ein Gestalter und sehr loyal. Er hat neue Strukturen eingef\u00fchrt, die Produktqualit\u00e4t durch ein optimiertes Testmanagement enorm verbessert und mehr Selbst\u00e4ndigkeit bei den F\u00fchrungskr\u00e4ften erzielt. Seine Leistung und Umgang mit den Mitarbeitern bewerte ich als sehr gut. Ich sehe ihn als wertvollen Menschen an.<br><br>\u2013 Uwe R. | Gesellschafter, Gesch\u00e4ftsf\u00fchrer<\/p><\/div><\/div>\n<\/div>\n\n\n\n<div class=\"wp-block-uagb-container uagb-block-e87f709d\">\n<div class=\"wp-block-uagb-info-box uagb-block-458f01ac uagb-infobox__content-wrap  uagb-infobox-icon-above-title uagb-infobox-image-valign-top\"><div class=\"uagb-ifb-content\"><div class=\"uagb-ifb-icon-wrap\"><svg xmlns=\"https:\/\/www.w3.org\/2000\/svg\" viewbox=\"0 0 448 512\"><path d=\"M96 224C84.72 224 74.05 226.3 64 229.9V224c0-35.3 28.7-64 64-64c17.67 0 32-14.33 32-32S145.7 96 128 96C57.42 96 0 153.4 0 224v96c0 53.02 42.98 96 96 96s96-42.98 96-96S149 224 96 224zM352 224c-11.28 0-21.95 2.305-32 5.879V224c0-35.3 28.7-64 64-64c17.67 0 32-14.33 32-32s-14.33-32-32-32c-70.58 0-128 57.42-128 128v96c0 53.02 42.98 96 96 96s96-42.98 96-96S405 224 352 224z\"><\/path><\/svg><\/div><div class=\"uagb-ifb-title-wrap\"><\/div><p class=\"uagb-ifb-desc\">Christian setzte das Projekt mit sehr gro\u00dfem Erfolg um. Seine au\u00dferordentlichen pers\u00f6nlichen und fachlichen Kompetenzen trugen erheblich dazu bei, die Entwicklungszeit zu reduzieren, Kosten einzusparen sowie Quantit\u00e4t und Qualit\u00e4t innerhalb des Produktentwicklungsprozesses zu steigern. Unsere Erwartungen hinsichtlich Termintreue, Einhaltung von Entwicklungskosten, Qualit\u00e4tsanspr\u00fcchen, sowie der erzielten Akzeptanz neuer Prozesse und Methoden bei allen Schnittstellenpartnern wurden bei weitem \u00fcbertroffen. Hervorzuheben ist sein gro\u00dfes pers\u00f6nliches Enga-gement w\u00e4hrend des gesamten Projektverlaufs.<br><br>\u2013 Peter K. | Leiter Entwicklung<\/p><\/div><\/div>\n<\/div>\n<\/div><\/div>\n<\/div><\/div>\n\n\n\n<div class=\"wp-block-uagb-container uagb-block-8b1ddab6 alignfull uagb-is-root-container\"><div class=\"uagb-container-inner-blocks-wrap\">\n<div class=\"wp-block-uagb-info-box uagb-block-2c6aeeda uagb-infobox__content-wrap  uagb-infobox-icon-above-title uagb-infobox-image-valign-top\"><div class=\"uagb-ifb-content\"><div class=\"uagb-ifb-icon-wrap\"><svg xmlns=\"https:\/\/www.w3.org\/2000\/svg\" viewbox=\"0 0 512 512\"><path d=\"M0 256C0 114.6 114.6 0 256 0C397.4 0 512 114.6 512 256C512 397.4 397.4 512 256 512C114.6 512 0 397.4 0 256zM371.8 211.8C382.7 200.9 382.7 183.1 371.8 172.2C360.9 161.3 343.1 161.3 332.2 172.2L224 280.4L179.8 236.2C168.9 225.3 151.1 225.3 140.2 236.2C129.3 247.1 129.3 264.9 140.2 275.8L204.2 339.8C215.1 350.7 232.9 350.7 243.8 339.8L371.8 211.8z\"><\/path><\/svg><\/div><div class=\"uagb-ifb-title-wrap\"><span class=\"uagb-ifb-title-prefix\">Auswahl an Kunden, die in unsere Dienstleistungen vertrauen<\/span><h2 class=\"uagb-ifb-title\">Referenzen<\/h2><\/div><\/div><\/div>\n\n\n\n<div class=\"wp-block-uagb-container uagb-block-d273a991 alignfull uagb-is-root-container\"><div class=\"uagb-container-inner-blocks-wrap\">\n<div class=\"wp-block-uagb-container uagb-block-41315ebb\">\n<ul style=\"margin-top:0;margin-right:0;margin-bottom:0;margin-left:0\" class=\"wp-block-list\">\n<li>3DSE<\/li>\n\n\n\n<li>AUDI<\/li>\n\n\n\n<li>Bang &amp; Olufsen<\/li>\n\n\n\n<li>Bosch<\/li>\n\n\n\n<li>Blueskycoffee<\/li>\n<\/ul>\n<\/div>\n\n\n\n<div class=\"wp-block-uagb-container uagb-block-9d4b9b0f\">\n<ul style=\"margin-top:0;margin-right:0;margin-bottom:0;margin-left:0\" class=\"wp-block-list\">\n<li>BMW<\/li>\n\n\n\n<li>CARIAD<\/li>\n\n\n\n<li>CEVT Geely<\/li>\n\n\n\n<li>Continental<\/li>\n\n\n\n<li>Deloitte<\/li>\n<\/ul>\n<\/div>\n\n\n\n<div class=\"wp-block-uagb-container uagb-block-bde88721\">\n<ul class=\"wp-block-list\">\n<li>Diconium<\/li>\n\n\n\n<li>Dr\u00e4xlmaier<\/li>\n\n\n\n<li>Evident (Olympus)<\/li>\n\n\n\n<li>Ford <\/li>\n\n\n\n<li>Intuitus\/ Endava<\/li>\n<\/ul>\n<\/div>\n\n\n\n<div class=\"wp-block-uagb-container uagb-block-d2b4c9d6\">\n<ul class=\"wp-block-list\">\n<li>Klass Filter<\/li>\n\n\n\n<li>MAN Truck&amp;Bus<\/li>\n\n\n\n<li>Strategy Engineers<\/li>\n\n\n\n<li>TREIF\/Marel<\/li>\n\n\n\n<li>Visteon<\/li>\n\n\n\n<li>Volvo<\/li>\n<\/ul>\n<\/div>\n<\/div><\/div>\n<\/div><\/div>\n\n\n\n<div class=\"wp-block-uagb-container uagb-block-0d6e6fa5 alignfull uagb-is-root-container\"><div class=\"uagb-container-inner-blocks-wrap\">\n<div class=\"wp-block-uagb-info-box uagb-block-a3aa2356 uagb-infobox__content-wrap  uagb-infobox-icon-above-title uagb-infobox-image-valign-top wp-block-uagb-info-box--has-margin\"><div class=\"uagb-infobox-margin-wrapper\"><div class=\"uagb-ifb-content\"><div class=\"uagb-ifb-title-wrap\"><span class=\"uagb-ifb-title-prefix\">Machen Sie den n\u00e4chsten Schritt<\/span><h2 class=\"uagb-ifb-title\">Kontaktieren Sie Uns F\u00fcr Ihre Spezifische Aufgabenstellung<\/h2><\/div><div class=\"uagb-ifb-button-wrapper wp-block-button\"><a href=\"\/de\/contact\/\" class=\"uagb-infobox-cta-link wp-block-button__link\" target=\"_self\" rel=\"noopener noreferrer\" onclick=\"return true;\"><span class=\"uagb-inline-editing\">Loslegen<\/span><\/a><\/div><\/div><\/div><\/div>\n<\/div><\/div>","protected":false},"excerpt":{"rendered":"<p>Tailored Solutions We customize our consulting services to fit your specific requirements, ensuring you receive the most effective strategies for your business. Industry Expertise Me and my partner network team possess deep knowledge of the automotive, technology, machinery sectors and digital transformation allowing us to provide insights that truly matter. Proven Results We have a [&hellip;]<\/p>\n","protected":false},"author":7,"featured_media":1487,"parent":0,"menu_order":0,"comment_status":"closed","ping_status":"closed","template":"","meta":{"_uag_custom_page_level_css":"","site-sidebar-layout":"default","site-content-layout":"page-builder","ast-site-content-layout":"default","site-content-style":"default","site-sidebar-style":"default","ast-global-header-display":"","ast-banner-title-visibility":"","ast-main-header-display":"","ast-hfb-above-header-display":"","ast-hfb-below-header-display":"","ast-hfb-mobile-header-display":"","site-post-title":"disabled","ast-breadcrumbs-content":"","ast-featured-img":"","footer-sml-layout":"","ast-disable-related-posts":"","theme-transparent-header-meta":"enabled","adv-header-id-meta":"","stick-header-meta":"","header-above-stick-meta":"","header-main-stick-meta":"","header-below-stick-meta":"","astra-migrate-meta-layouts":"set","ast-page-background-enabled":"default","ast-page-background-meta":{"desktop":{"background-color":"var(--ast-global-color-4)","background-image":"","background-repeat":"repeat","background-position":"center center","background-size":"auto","background-attachment":"scroll","background-type":"","background-media":"","overlay-type":"","overlay-color":"","overlay-opacity":"","overlay-gradient":""},"tablet":{"background-color":"","background-image":"","background-repeat":"repeat","background-position":"center center","background-size":"auto","background-attachment":"scroll","background-type":"","background-media":"","overlay-type":"","overlay-color":"","overlay-opacity":"","overlay-gradient":""},"mobile":{"background-color":"","background-image":"","background-repeat":"repeat","background-position":"center center","background-size":"auto","background-attachment":"scroll","background-type":"","background-media":"","overlay-type":"","overlay-color":"","overlay-opacity":"","overlay-gradient":""}},"ast-content-background-meta":{"desktop":{"background-color":"var(--ast-global-color-5)","background-image":"","background-repeat":"repeat","background-position":"center center","background-size":"auto","background-attachment":"scroll","background-type":"","background-media":"","overlay-type":"","overlay-color":"","overlay-opacity":"","overlay-gradient":""},"tablet":{"background-color":"var(--ast-global-color-5)","background-image":"","background-repeat":"repeat","background-position":"center center","background-size":"auto","background-attachment":"scroll","background-type":"","background-media":"","overlay-type":"","overlay-color":"","overlay-opacity":"","overlay-gradient":""},"mobile":{"background-color":"var(--ast-global-color-5)","background-image":"","background-repeat":"repeat","background-position":"center center","background-size":"auto","background-attachment":"scroll","background-type":"","background-media":"","overlay-type":"","overlay-color":"","overlay-opacity":"","overlay-gradient":""}},"footnotes":""},"class_list":["post-32","page","type-page","status-publish","has-post-thumbnail","hentry"],"uagb_featured_image_src":{"full":["https:\/\/changeconsulting.io\/wp-content\/uploads\/2024\/09\/ChangeConsulting_Logo_high.png",1132,572,false],"thumbnail":["https:\/\/changeconsulting.io\/wp-content\/uploads\/2024\/09\/ChangeConsulting_Logo_high-150x150.png",150,150,true],"medium":["https:\/\/changeconsulting.io\/wp-content\/uploads\/2024\/09\/ChangeConsulting_Logo_high-300x152.png",300,152,true],"medium_large":["https:\/\/changeconsulting.io\/wp-content\/uploads\/2024\/09\/ChangeConsulting_Logo_high-768x388.png",768,388,true],"large":["https:\/\/changeconsulting.io\/wp-content\/uploads\/2024\/09\/ChangeConsulting_Logo_high-1024x517.png",1024,517,true],"1536x1536":["https:\/\/changeconsulting.io\/wp-content\/uploads\/2024\/09\/ChangeConsulting_Logo_high.png",1132,572,false],"2048x2048":["https:\/\/changeconsulting.io\/wp-content\/uploads\/2024\/09\/ChangeConsulting_Logo_high.png",1132,572,false],"trp-custom-language-flag":["https:\/\/changeconsulting.io\/wp-content\/uploads\/2024\/09\/ChangeConsulting_Logo_high.png",18,9,false]},"uagb_author_info":{"display_name":"testaccount369","author_link":"https:\/\/changeconsulting.io\/de\/author\/ddf23886cb090531\/"},"uagb_comment_info":0,"uagb_excerpt":"Tailored Solutions We customize our consulting services to fit your specific requirements, ensuring you receive the most effective strategies for your business. Industry Expertise Me and my partner network team possess deep knowledge of the automotive, technology, machinery sectors and digital transformation allowing us to provide insights that truly matter. Proven Results We have a&hellip;","_links":{"self":[{"href":"https:\/\/changeconsulting.io\/de\/wp-json\/wp\/v2\/pages\/32","targetHints":{"allow":["GET"]}}],"collection":[{"href":"https:\/\/changeconsulting.io\/de\/wp-json\/wp\/v2\/pages"}],"about":[{"href":"https:\/\/changeconsulting.io\/de\/wp-json\/wp\/v2\/types\/page"}],"author":[{"embeddable":true,"href":"https:\/\/changeconsulting.io\/de\/wp-json\/wp\/v2\/users\/7"}],"replies":[{"embeddable":true,"href":"https:\/\/changeconsulting.io\/de\/wp-json\/wp\/v2\/comments?post=32"}],"version-history":[{"count":1,"href":"https:\/\/changeconsulting.io\/de\/wp-json\/wp\/v2\/pages\/32\/revisions"}],"predecessor-version":[{"id":1683,"href":"https:\/\/changeconsulting.io\/de\/wp-json\/wp\/v2\/pages\/32\/revisions\/1683"}],"wp:featuredmedia":[{"embeddable":true,"href":"https:\/\/changeconsulting.io\/de\/wp-json\/wp\/v2\/media\/1487"}],"wp:attachment":[{"href":"https:\/\/changeconsulting.io\/de\/wp-json\/wp\/v2\/media?parent=32"}],"curies":[{"name":"wp","href":"https:\/\/api.w.org\/{rel}","templated":true}]}}